{"id":7180,"date":"2018-07-16T22:22:38","date_gmt":"2018-07-16T20:22:38","guid":{"rendered":"http:\/\/www.blog.lobodzinska.pl\/?page_id=7180"},"modified":"2018-07-16T22:22:38","modified_gmt":"2018-07-16T20:22:38","slug":"blotniak-lakowy-circus-pygargus","status":"publish","type":"page","link":"https:\/\/www.blog.lobodzinska.pl\/index.php\/ptaki-wg-listy\/blotniak-lakowy-circus-pygargus\/","title":{"rendered":"B\u0142otniak \u0142\u0105kowy (Circus pygargus)"},"content":{"rendered":"<div id=\"envira-gallery-wrap-7181\" class=\"envira-gallery-wrap envira-gallery-theme-base\" itemscope itemtype=\"http:\/\/schema.org\/ImageGallery\"><div data-envira-id=\"7181\" data-gallery-config='{\"type\":\"default\",\"columns\":\"3\",\"gallery_theme\":\"base\",\"justified_gallery_theme\":\"normal\",\"gutter\":10,\"margin\":10,\"image_size\":\"default\",\"crop_width\":640,\"crop_height\":480,\"crop\":0,\"lazy_loading\":1,\"lazy_loading_delay\":500,\"justified_row_height\":150,\"lightbox_enabled\":1,\"lightbox_theme\":\"base\",\"lightbox_image_size\":\"default\",\"title_display\":\"float\",\"classes\":[\"\"],\"rtl\":0,\"title\":\"B\\u0142otniak \\u0142\\u0105kowy (Circus pygargus)\",\"slug\":\"blotniak-lakowy-circus-pygargus\",\"gallery_id\":7181}' data-gallery-images='[{\"status\":\"active\",\"src\":\"https:\\\/\\\/www.blog.lobodzinska.pl\\\/wp-content\\\/uploads\\\/2018\\\/07\\\/AGA_4087mint.jpg\",\"title\":\"B\u0142otniak \u0142\u0105kowy (Circus pygargus)\",\"link\":\"http:\\\/\\\/www.blog.lobodzinska.pl\\\/wp-content\\\/uploads\\\/2018\\\/07\\\/AGA_4087mint.jpg\",\"alt\":\"B\u0142otniak \u0142\u0105kowy (Circus pygargus)\",\"caption\":\"B\u0142otniak \u0142\u0105kowy (Circus pygargus)\",\"thumb\":\"https:\\\/\\\/www.blog.lobodzinska.pl\\\/wp-content\\\/uploads\\\/2018\\\/07\\\/AGA_4087mint-75x50_c.jpg\",\"meta\":{\"aperture\":\"6.3\",\"credit\":\"AGNIESZKA LOBODZINSKA\",\"camera\":\"NIKON D500\",\"caption\":\"\",\"created_timestamp\":\"1529999906\",\"copyright\":\"AGNIESZKA LOBODZINSKA\",\"focal_length\":\"600\",\"iso\":\"1600\",\"shutter_speed\":\"0.001\",\"title\":\"\",\"orientation\":null,\"keywords\":null,\"resized_images\":[\"1200x800\",\"640x427\",\"75x50_c\",\"640x480_c\",\"320x240_c\",\"75x240_c\"]},\"thumbnail\":\"https:\\\/\\\/www.blog.lobodzinska.pl\\\/wp-content\\\/uploads\\\/2018\\\/07\\\/AGA_4087mint-380x300.jpg\",\"medium\":\"https:\\\/\\\/www.blog.lobodzinska.pl\\\/wp-content\\\/uploads\\\/2018\\\/07\\\/AGA_4087mint-300x200.jpg\",\"medium_large\":\"https:\\\/\\\/www.blog.lobodzinska.pl\\\/wp-content\\\/uploads\\\/2018\\\/07\\\/AGA_4087mint.jpg\",\"large\":\"https:\\\/\\\/www.blog.lobodzinska.pl\\\/wp-content\\\/uploads\\\/2018\\\/07\\\/AGA_4087mint-1200x800.jpg\",\"1536x1536\":\"https:\\\/\\\/www.blog.lobodzinska.pl\\\/wp-content\\\/uploads\\\/2018\\\/07\\\/AGA_4087mint.jpg\",\"2048x2048\":\"https:\\\/\\\/www.blog.lobodzinska.pl\\\/wp-content\\\/uploads\\\/2018\\\/07\\\/AGA_4087mint.jpg\",\"post-thumbnail\":\"https:\\\/\\\/www.blog.lobodzinska.pl\\\/wp-content\\\/uploads\\\/2018\\\/07\\\/AGA_4087mint-1200x800.jpg\",\"tiled-thumbnails\":\"https:\\\/\\\/www.blog.lobodzinska.pl\\\/wp-content\\\/uploads\\\/2018\\\/07\\\/AGA_4087mint-570x570.jpg\",\"full\":\"https:\\\/\\\/www.blog.lobodzinska.pl\\\/wp-content\\\/uploads\\\/2018\\\/07\\\/AGA_4087mint.jpg\",\"index\":0,\"id\":6899,\"video\":false,\"opts\":{\"caption\":\"B\u0142otniak \u0142\u0105kowy (Circus pygargus)\",\"thumb\":\"https:\\\/\\\/www.blog.lobodzinska.pl\\\/wp-content\\\/uploads\\\/2018\\\/07\\\/AGA_4087mint-75x50_c.jpg\",\"title\":\"B\u0142otniak \u0142\u0105kowy (Circus pygargus)\"},\"gallery_id\":7181}]' data-lightbox-theme='{&quot;arrows&quot;:1,&quot;margins&quot;:[220,0],&quot;gutter&quot;:&quot;50&quot;,&quot;base_template&quot;:&quot;&lt;div id=\\&quot;envirabox-7181\\&quot; data-envirabox-id=\\&quot;7181\\&quot; class=\\&quot;envirabox-container envirabox-theme-base envirabox-wrap\\&quot; role=\\&quot;dialog\\&quot; tabindex=\\&quot;-1\\&quot;&gt;&lt;div class=\\&quot;envirabox-bg\\&quot;&gt;&lt;\\\/div&gt;&lt;div class=\\&quot;envirabox-outer\\&quot;&gt;&lt;div class=\\&quot;envirabox-inner\\&quot;&gt;&lt;div id=\\&quot;envirabox-buttons\\&quot; class=\\&quot;envirabox-infobar top\\&quot;&gt;&lt;ul&gt;&lt;li&gt;&lt;a data-envirabox-prev class=\\&quot;btnPrev\\&quot; title=\\&quot;Previous\\&quot; href=\\&quot;#\\&quot;&gt;&lt;\\\/a&gt;&lt;\\\/li&gt;&lt;li&gt;&lt;a data-envirabox-next class=\\&quot;btnNext\\&quot; title=\\&quot;Next\\&quot; href=\\&quot;#\\&quot;&gt;&lt;\\\/a&gt;&lt;\\\/li&gt;&lt;li&gt;&lt;a data-envirabox-close class=\\&quot;btnClose\\&quot; title=\\&quot;Close\\&quot; href=\\&quot;javascript:;\\&quot;&gt;&lt;\\\/a&gt;&lt;\\\/li&gt;&lt;\\\/ul&gt;&lt;\\\/div&gt;&lt;div class=\\&quot;envirabox-position-overlay envira-gallery-top-left\\&quot;&gt;&lt;\\\/div&gt;&lt;div class=\\&quot;envirabox-position-overlay envira-gallery-top-right\\&quot;&gt;&lt;\\\/div&gt;&lt;div class=\\&quot;envirabox-position-overlay envira-gallery-bottom-left\\&quot;&gt;&lt;\\\/div&gt;&lt;div class=\\&quot;envirabox-position-overlay envira-gallery-bottom-right\\&quot;&gt;&lt;\\\/div&gt;&lt;div class=\\&quot;envirabox-stage\\&quot;&gt;&lt;\\\/div&gt;&lt;\\\/div&gt;&lt;\\\/div&gt;&lt;\\\/div&gt;&quot;,&quot;load_all&quot;:false,&quot;error_template&quot;:&quot;&lt;div class=\\&quot;envirabox-error\\&quot;&gt;&lt;p&gt;{{ERROR}}&lt;p&gt;&lt;\\\/div&gt;&quot;,&quot;thumbs_position&quot;:&quot;bottom&quot;,&quot;arrow_position&quot;:&quot;inside&quot;,&quot;toolbar&quot;:false,&quot;infobar&quot;:true,&quot;show_smallbtn&quot;:true,&quot;inner_caption&quot;:true,&quot;caption_position&quot;:&quot;float&quot;,&quot;idle_time&quot;:false,&quot;click_content&quot;:false,&quot;click_slide&quot;:false,&quot;click_outside&quot;:false,&quot;animation_duration&quot;:false,&quot;transition_duration&quot;:false,&quot;small_btn_template&quot;:&quot;&lt;a data-envirabox-close class=\\&quot;envirabox-item envirabox-close envirabox-button--close\\&quot; title=\\&quot;Close\\&quot; href=\\&quot;#\\&quot;&gt;&lt;\\\/a&gt;&quot;}' data-row-height=\"\" data-justified-margins=\"\" data-gallery-theme=\"\" id=\"envira-gallery-7181\" class=\"envira-gallery-public  envira-gallery-3-columns envira-clear enviratope\" data-envira-columns=\"3\"><div id=\"envira-gallery-item-6899\" class=\"envira-gallery-item envira-gallery-item-1 envira-lazy-load\" style=\"padding-left: 5px; padding-bottom: 10px; padding-right: 5px;\"  itemscope itemtype=\"http:\/\/schema.org\/ImageObject\"><div class=\"envira-gallery-item-inner\"><div class=\"envira-gallery-position-overlay envira-gallery-top-left\"><\/div><div class=\"envira-gallery-position-overlay envira-gallery-top-right\"><\/div><div class=\"envira-gallery-position-overlay envira-gallery-bottom-left\"><\/div><div class=\"envira-gallery-position-overlay envira-gallery-bottom-right\"><\/div><a data-envirabox=\"7181\" href=\"https:\/\/www.blog.lobodzinska.pl\/wp-content\/uploads\/2018\/07\/AGA_4087mint.jpg\" class=\"envira-gallery-7181 envira-gallery-link \" title=\"B\u0142otniak \u0142\u0105kowy (Circus pygargus)\" data-envira-item-id=\"6899\" data-title=\"B\u0142otniak \u0142\u0105kowy (Circus pygargus)\" data-caption=\"B\u0142otniak \u0142\u0105kowy (Circus pygargus)\" data-envira-retina=\"\" data-thumb=\"http:\/\/www.blog.lobodzinska.pl\/wp-content\/uploads\/2018\/07\/AGA_4087mint-75x50_c.jpg\"  itemprop=\"contentUrl\" ><div class=\"envira-lazy\" data-envira-changed=\"false\" data-width=\"640\" data-height=\"480\" style=\"padding-bottom:75%;\"><img loading=\"lazy\" decoding=\"async\" id=\"envira-gallery-image-6899\" tabindex=\"-1\" class=\"envira-gallery-image envira-gallery-image-1 envira-lazy\" data-envira-index=\"0\" src=\"https:\/\/www.blog.lobodzinska.pl\/wp-content\/uploads\/2018\/07\/AGA_4087mint-1200x800.jpg\" width=\"640\" height=\"480\" data-envira-src=\"https:\/\/www.blog.lobodzinska.pl\/wp-content\/uploads\/2018\/07\/AGA_4087mint-1200x800.jpg\" data-envira-gallery-id=\"7181\" data-envira-item-id=\"6899\" data-caption=\"B\u0142otniak \u0142\u0105kowy (Circus pygargus)\" data-title=\"B\u0142otniak \u0142\u0105kowy (Circus pygargus)\"  alt=\"B\u0142otniak \u0142\u0105kowy (Circus pygargus)\" title=\"B\u0142otniak \u0142\u0105kowy (Circus pygargus)\"  draggable=\"false\" onmousedown=\"event.preventDefault()\"  itemprop=\"thumbnailUrl\" data-envira-srcset=\"https:\/\/www.blog.lobodzinska.pl\/wp-content\/uploads\/2018\/07\/AGA_4087mint-1200x800.jpg 400w,https:\/\/www.blog.lobodzinska.pl\/wp-content\/uploads\/2018\/07\/AGA_4087mint-1200x800.jpg 2x\" srcset=\"data:image\/gif;base64,R0lGODlhAQABAIAAAP\/\/\/\/\/\/\/yH5BAEKAAEALAAAAAABAAEAAAICTAEAOw==\" \/><\/div><\/a><div class=\"envira-gallery-captioned-data envira-gallery-captioned-data-base\"><\/div><\/div><\/div><\/div><\/div><noscript><\/noscript>\n","protected":false},"excerpt":{"rendered":"","protected":false},"author":1,"featured_media":0,"parent":3341,"menu_order":0,"comment_status":"closed","ping_status":"closed","template":"","meta":{"footnotes":""},"class_list":["post-7180","page","type-page","status-publish","hentry"],"_links":{"self":[{"href":"https:\/\/www.blog.lobodzinska.pl\/index.php\/wp-json\/wp\/v2\/pages\/7180","targetHints":{"allow":["GET"]}}],"collection":[{"href":"https:\/\/www.blog.lobodzinska.pl\/index.php\/wp-json\/wp\/v2\/pages"}],"about":[{"href":"https:\/\/www.blog.lobodzinska.pl\/index.php\/wp-json\/wp\/v2\/types\/page"}],"author":[{"embeddable":true,"href":"https:\/\/www.blog.lobodzinska.pl\/index.php\/wp-json\/wp\/v2\/users\/1"}],"replies":[{"embeddable":true,"href":"https:\/\/www.blog.lobodzinska.pl\/index.php\/wp-json\/wp\/v2\/comments?post=7180"}],"version-history":[{"count":1,"href":"https:\/\/www.blog.lobodzinska.pl\/index.php\/wp-json\/wp\/v2\/pages\/7180\/revisions"}],"predecessor-version":[{"id":7182,"href":"https:\/\/www.blog.lobodzinska.pl\/index.php\/wp-json\/wp\/v2\/pages\/7180\/revisions\/7182"}],"up":[{"embeddable":true,"href":"https:\/\/www.blog.lobodzinska.pl\/index.php\/wp-json\/wp\/v2\/pages\/3341"}],"wp:attachment":[{"href":"https:\/\/www.blog.lobodzinska.pl\/index.php\/wp-json\/wp\/v2\/media?parent=7180"}],"curies":[{"name":"wp","href":"https:\/\/api.w.org\/{rel}","templated":true}]}}