{"id":3849,"date":"2017-01-17T16:01:17","date_gmt":"2017-01-17T16:01:17","guid":{"rendered":"http:\/\/www.blog.lobodzinska.pl\/?page_id=3849"},"modified":"2017-01-17T17:57:52","modified_gmt":"2017-01-17T16:57:52","slug":"dzieciol-zielony-picus-viridis","status":"publish","type":"page","link":"https:\/\/www.blog.lobodzinska.pl\/index.php\/ptaki-wg-listy\/dzieciol-zielony-picus-viridis\/","title":{"rendered":"Dzi\u0119cio\u0142 zielony (Picus viridis)"},"content":{"rendered":"<p>Jest najbardziej naziemnym spo\u015br\u00f3d naszych dzi\u0119cio\u0142\u00f3w i ch\u0119tnie odwiedza mrowiska. Gatunek chroniony.<br \/>\n<br \/>\n<style type=\"text\/css\">#envira-gallery-3848 {}<\/style><div id=\"envira-gallery-wrap-3848\" class=\"envira-gallery-wrap envira-gallery-theme-base\" itemscope itemtype=\"http:\/\/schema.org\/ImageGallery\"><div data-envira-id=\"3848\" data-gallery-config='{\"type\":\"default\",\"columns\":\"3\",\"gallery_theme\":\"base\",\"justified_gallery_theme\":\"normal\",\"gutter\":10,\"margin\":10,\"image_size\":\"full\",\"crop_width\":640,\"crop_height\":480,\"crop\":0,\"justified_row_height\":150,\"lightbox_enabled\":1,\"lightbox_theme\":\"base\",\"lightbox_image_size\":\"full\",\"title_display\":\"outside\",\"classes\":[\"\"],\"rtl\":0,\"title\":\"Dzi\\u0119cio\\u0142 zielony (Picus viridis)\",\"slug\":\"dzieciol-zielony-picus-viridis\",\"lazy_loading\":0,\"lazy_loading_delay\":500,\"justified_margins\":1,\"justified_last_row\":\"nojustify\",\"crop_position\":\"c\",\"additional_copy_0\":0,\"additional_copy_title\":0,\"additional_copy_caption\":0,\"additional_copy_0_mobile\":0,\"additional_copy_title_mobile\":0,\"additional_copy_caption_mobile\":0,\"additional_copy_automatic_0\":0,\"additional_copy_automatic_title\":1,\"additional_copy_automatic_caption\":1,\"additional_copy_automatic_0_mobile\":0,\"additional_copy_automatic_title_mobile\":1,\"additional_copy_automatic_caption_mobile\":1,\"description_position\":\"0\",\"description\":\"\",\"random\":\"0\",\"sort_order\":\"0\",\"sorting_direction\":\"ASC\",\"image_sizes_random\":[],\"isotope\":1,\"gallery_link_enabled\":1,\"lightbox_title_caption\":\"title\",\"arrows\":1,\"arrows_position\":\"outside\",\"toolbar\":0,\"toolbar_title\":0,\"toolbar_position\":\"top\",\"loop\":1,\"lightbox_open_close_effect\":\"none\",\"effect\":\"false\",\"supersize\":1,\"thumbnails_toggle\":0,\"thumbnails_hide\":0,\"image_counter\":0,\"thumbnails\":0,\"thumbnails_width\":\"auto\",\"thumbnails_height\":\"auto\",\"thumbnails_position\":\"bottom\",\"thumbnails_custom_size\":0,\"mobile\":1,\"mobile_width\":320,\"mobile_height\":240,\"mobile_lightbox\":1,\"mobile_gallery_link_enabled\":0,\"mobile_arrows\":1,\"mobile_toolbar\":0,\"mobile_thumbnails\":0,\"mobile_touchwipe_close\":1,\"mobile_thumbnails_width\":75,\"mobile_thumbnails_height\":240,\"mobile_justified_row_height\":80,\"keyboard\":true,\"custom_css\":null,\"protection\":1,\"protection_popup\":0,\"protection_message\":\"\",\"protection_title\":\"\",\"protection_button_text\":\"\",\"slideshow\":0,\"autoplay\":0,\"slideshow_hover\":0,\"ss_speed\":5000,\"gallery_id\":3848}' data-gallery-images='[{\"status\":\"active\",\"src\":\"https:\\\/\\\/www.blog.lobodzinska.pl\\\/wp-content\\\/uploads\\\/2017\\\/01\\\/AGA_7404mint.jpg\",\"title\":\"Dzi\u0119cio\u0142 zielony (Picus viridis)\",\"link\":\"http:\\\/\\\/www.blog.lobodzinska.pl\\\/wp-content\\\/uploads\\\/2017\\\/01\\\/AGA_7404mint.jpg\",\"alt\":\"Dzi\u0119cio\u0142 zielony (Picus viridis)\",\"caption\":\"Dzi\u0119cio\u0142 zielony (Picus viridis)\",\"thumb\":\"https:\\\/\\\/www.blog.lobodzinska.pl\\\/wp-content\\\/uploads\\\/2017\\\/01\\\/AGA_7404mint-75x50_c.jpg\",\"meta\":{\"aperture\":null,\"credit\":null,\"camera\":null,\"caption\":\"\",\"created_timestamp\":null,\"copyright\":null,\"focal_length\":null,\"iso\":null,\"shutter_speed\":null,\"title\":\"\",\"orientation\":null,\"keywords\":null,\"resized_images\":[\"640x480_c\",\"1280x960_c\",\"640x427\",\"900x600\",\"450x300\",\"900x600\",\"320x240_c\",\"320x213\",\"75x50_c\",\"75x240_c\"]},\"thumbnail\":\"https:\\\/\\\/www.blog.lobodzinska.pl\\\/wp-content\\\/uploads\\\/2017\\\/01\\\/AGA_7404mint-150x150.jpg\",\"medium\":\"https:\\\/\\\/www.blog.lobodzinska.pl\\\/wp-content\\\/uploads\\\/2017\\\/01\\\/AGA_7404mint-300x200.jpg\",\"medium_large\":\"https:\\\/\\\/www.blog.lobodzinska.pl\\\/wp-content\\\/uploads\\\/2017\\\/01\\\/AGA_7404mint.jpg\",\"large\":\"https:\\\/\\\/www.blog.lobodzinska.pl\\\/wp-content\\\/uploads\\\/2017\\\/01\\\/AGA_7404mint.jpg\",\"1536x1536\":\"https:\\\/\\\/www.blog.lobodzinska.pl\\\/wp-content\\\/uploads\\\/2017\\\/01\\\/AGA_7404mint.jpg\",\"2048x2048\":\"https:\\\/\\\/www.blog.lobodzinska.pl\\\/wp-content\\\/uploads\\\/2017\\\/01\\\/AGA_7404mint.jpg\",\"post-thumbnail\":\"https:\\\/\\\/www.blog.lobodzinska.pl\\\/wp-content\\\/uploads\\\/2017\\\/01\\\/AGA_7404mint.jpg\",\"tiled-thumbnails\":\"https:\\\/\\\/www.blog.lobodzinska.pl\\\/wp-content\\\/uploads\\\/2017\\\/01\\\/AGA_7404mint-570x570.jpg\",\"full\":\"https:\\\/\\\/www.blog.lobodzinska.pl\\\/wp-content\\\/uploads\\\/2017\\\/01\\\/AGA_7404mint.jpg\",\"index\":0,\"id\":5106,\"video\":false,\"opts\":{\"caption\":\"Dzi\u0119cio\u0142 zielony (Picus viridis)\",\"thumb\":\"https:\\\/\\\/www.blog.lobodzinska.pl\\\/wp-content\\\/uploads\\\/2017\\\/01\\\/AGA_7404mint-75x50_c.jpg\",\"title\":\"Dzi\u0119cio\u0142 zielony (Picus viridis)\"},\"gallery_id\":3848},{\"status\":\"active\",\"src\":\"https:\\\/\\\/www.blog.lobodzinska.pl\\\/wp-content\\\/uploads\\\/2016\\\/02\\\/AGA_3097mint.jpg\",\"title\":\"Dzi\u0119cio\u0142 zielony (Picus viridis)\",\"link\":\"http:\\\/\\\/www.blog.lobodzinska.pl\\\/wp-content\\\/uploads\\\/2016\\\/02\\\/AGA_3097mint.jpg\",\"alt\":\"\",\"caption\":\"Dzi\u0119cio\u0142 zielony (Picus viridis)\",\"thumb\":{\"errors\":{\"envira-gallery-error-no-file\":[\"No file could be found for the image URL specified.\"]},\"error_data\":[]},\"meta\":{\"aperture\":null,\"credit\":null,\"camera\":null,\"caption\":\"\",\"created_timestamp\":null,\"copyright\":\"AGNIESZKA LOBODZINSKA\",\"focal_length\":null,\"iso\":null,\"shutter_speed\":null,\"title\":\"\",\"orientation\":null,\"keywords\":null,\"resized_images\":[\"960x600_c\",\"451x300\",\"900x599\",\"900x599\",\"900x599\",\"320x213\",\"640x426\",\"900x599\",\"75x50_c\",\"320x240_c\",\"640x480_c\",\"75x240_c\"]},\"thumbnail\":\"https:\\\/\\\/www.blog.lobodzinska.pl\\\/wp-content\\\/uploads\\\/2016\\\/02\\\/AGA_3097mint-150x150.jpg\",\"medium\":\"https:\\\/\\\/www.blog.lobodzinska.pl\\\/wp-content\\\/uploads\\\/2016\\\/02\\\/AGA_3097mint-300x200.jpg\",\"medium_large\":\"https:\\\/\\\/www.blog.lobodzinska.pl\\\/wp-content\\\/uploads\\\/2016\\\/02\\\/AGA_3097mint.jpg\",\"large\":\"https:\\\/\\\/www.blog.lobodzinska.pl\\\/wp-content\\\/uploads\\\/2016\\\/02\\\/AGA_3097mint.jpg\",\"1536x1536\":\"https:\\\/\\\/www.blog.lobodzinska.pl\\\/wp-content\\\/uploads\\\/2016\\\/02\\\/AGA_3097mint.jpg\",\"2048x2048\":\"https:\\\/\\\/www.blog.lobodzinska.pl\\\/wp-content\\\/uploads\\\/2016\\\/02\\\/AGA_3097mint.jpg\",\"post-thumbnail\":\"https:\\\/\\\/www.blog.lobodzinska.pl\\\/wp-content\\\/uploads\\\/2016\\\/02\\\/AGA_3097mint.jpg\",\"tiled-thumbnails\":\"https:\\\/\\\/www.blog.lobodzinska.pl\\\/wp-content\\\/uploads\\\/2016\\\/02\\\/AGA_3097mint.jpg\",\"full\":\"https:\\\/\\\/www.blog.lobodzinska.pl\\\/wp-content\\\/uploads\\\/2016\\\/02\\\/AGA_3097mint.jpg\",\"index\":1,\"id\":3079,\"video\":false,\"opts\":{\"caption\":\"Dzi\u0119cio\u0142 zielony (Picus viridis)\",\"thumb\":{\"errors\":{\"envira-gallery-error-no-file\":[\"No file could be found for the image URL specified.\"]},\"error_data\":[]},\"title\":\"Dzi\u0119cio\u0142 zielony (Picus viridis)\"},\"gallery_id\":3848},{\"status\":\"active\",\"src\":\"https:\\\/\\\/www.blog.lobodzinska.pl\\\/wp-content\\\/uploads\\\/2018\\\/07\\\/AGA_0871mint-2.jpg\",\"title\":\"Dzi\u0119cio\u0142 zielony (Picus viridis)\",\"link\":\"http:\\\/\\\/www.blog.lobodzinska.pl\\\/wp-content\\\/uploads\\\/2018\\\/07\\\/AGA_0871mint-2.jpg\",\"alt\":\"Dzi\u0119cio\u0142 zielony (Picus viridis)\",\"caption\":\"Dzi\u0119cio\u0142 zielony (Picus viridis)\",\"thumb\":\"https:\\\/\\\/www.blog.lobodzinska.pl\\\/wp-content\\\/uploads\\\/2018\\\/07\\\/AGA_0871mint-2-75x50_c.jpg\",\"meta\":{\"aperture\":null,\"credit\":null,\"camera\":null,\"caption\":\"\",\"created_timestamp\":null,\"copyright\":\"AGNIESZKA LOBODZINSKA\",\"focal_length\":null,\"iso\":null,\"shutter_speed\":null,\"title\":\"\",\"orientation\":null,\"keywords\":null,\"resized_images\":[\"1200x800\",\"640x427\",\"75x50_c\",\"640x480_c\",\"320x240_c\",\"75x240_c\"]},\"thumbnail\":\"https:\\\/\\\/www.blog.lobodzinska.pl\\\/wp-content\\\/uploads\\\/2018\\\/07\\\/AGA_0871mint-2-380x300.jpg\",\"medium\":\"https:\\\/\\\/www.blog.lobodzinska.pl\\\/wp-content\\\/uploads\\\/2018\\\/07\\\/AGA_0871mint-2-300x200.jpg\",\"medium_large\":\"https:\\\/\\\/www.blog.lobodzinska.pl\\\/wp-content\\\/uploads\\\/2018\\\/07\\\/AGA_0871mint-2.jpg\",\"large\":\"https:\\\/\\\/www.blog.lobodzinska.pl\\\/wp-content\\\/uploads\\\/2018\\\/07\\\/AGA_0871mint-2-1200x800.jpg\",\"1536x1536\":\"https:\\\/\\\/www.blog.lobodzinska.pl\\\/wp-content\\\/uploads\\\/2018\\\/07\\\/AGA_0871mint-2.jpg\",\"2048x2048\":\"https:\\\/\\\/www.blog.lobodzinska.pl\\\/wp-content\\\/uploads\\\/2018\\\/07\\\/AGA_0871mint-2.jpg\",\"post-thumbnail\":\"https:\\\/\\\/www.blog.lobodzinska.pl\\\/wp-content\\\/uploads\\\/2018\\\/07\\\/AGA_0871mint-2-1200x800.jpg\",\"tiled-thumbnails\":\"https:\\\/\\\/www.blog.lobodzinska.pl\\\/wp-content\\\/uploads\\\/2018\\\/07\\\/AGA_0871mint-2-570x570.jpg\",\"full\":\"https:\\\/\\\/www.blog.lobodzinska.pl\\\/wp-content\\\/uploads\\\/2018\\\/07\\\/AGA_0871mint-2.jpg\",\"index\":2,\"id\":7513,\"video\":false,\"opts\":{\"caption\":\"Dzi\u0119cio\u0142 zielony (Picus viridis)\",\"thumb\":\"https:\\\/\\\/www.blog.lobodzinska.pl\\\/wp-content\\\/uploads\\\/2018\\\/07\\\/AGA_0871mint-2-75x50_c.jpg\",\"title\":\"Dzi\u0119cio\u0142 zielony (Picus viridis)\"},\"gallery_id\":3848}]' data-lightbox-theme='{&quot;arrows&quot;:1,&quot;margins&quot;:[100,0],&quot;gutter&quot;:&quot;50&quot;,&quot;base_template&quot;:&quot;&lt;div id=\\&quot;envirabox-3848\\&quot; data-envirabox-id=\\&quot;3848\\&quot; class=\\&quot;envirabox-container envirabox-theme-base envirabox-wrap\\&quot; role=\\&quot;dialog\\&quot; tabindex=\\&quot;-1\\&quot;&gt;&lt;div class=\\&quot;envirabox-bg\\&quot;&gt;&lt;\\\/div&gt;&lt;div class=\\&quot;envirabox-outer\\&quot;&gt;&lt;div class=\\&quot;envirabox-inner\\&quot;&gt;&lt;div class=\\&quot;envirabox-navigation\\&quot;&gt;&lt;a data-envirabox-prev title=\\&quot;Prev\\&quot; class=\\&quot;envirabox-arrow envirabox-arrow--left envirabox-nav envirabox-prev\\&quot; href=\\&quot;#\\&quot;&gt;&lt;span&gt;&lt;\\\/span&gt;&lt;\\\/a&gt;&lt;a data-envirabox-next title=\\&quot;Next\\&quot; class=\\&quot;envirabox-arrow envirabox-arrow--right envirabox-nav envirabox-next\\&quot; href=\\&quot;#\\&quot;&gt;&lt;span&gt;&lt;\\\/span&gt;&lt;\\\/a&gt;&lt;\\\/div&gt;&lt;div class=\\&quot;envirabox-position-overlay envira-gallery-top-left\\&quot;&gt;&lt;\\\/div&gt;&lt;div class=\\&quot;envirabox-position-overlay envira-gallery-top-right\\&quot;&gt;&lt;\\\/div&gt;&lt;div class=\\&quot;envirabox-position-overlay envira-gallery-bottom-left\\&quot;&gt;&lt;\\\/div&gt;&lt;div class=\\&quot;envirabox-position-overlay envira-gallery-bottom-right\\&quot;&gt;&lt;\\\/div&gt;&lt;div class=\\&quot;envirabox-stage\\&quot;&gt;&lt;\\\/div&gt;&lt;\\\/div&gt;&lt;\\\/div&gt;&lt;\\\/div&gt;&quot;,&quot;load_all&quot;:false,&quot;error_template&quot;:&quot;&lt;div class=\\&quot;envirabox-error\\&quot;&gt;&lt;p&gt;{{ERROR}}&lt;p&gt;&lt;\\\/div&gt;&quot;,&quot;thumbs_position&quot;:&quot;bottom&quot;,&quot;arrow_position&quot;:&quot;outside&quot;,&quot;toolbar&quot;:false,&quot;infobar&quot;:true,&quot;show_smallbtn&quot;:true,&quot;inner_caption&quot;:true,&quot;caption_position&quot;:&quot;outside&quot;,&quot;idle_time&quot;:false,&quot;click_content&quot;:false,&quot;click_slide&quot;:false,&quot;click_outside&quot;:false,&quot;animation_duration&quot;:false,&quot;transition_duration&quot;:false,&quot;small_btn_template&quot;:&quot;&lt;a data-envirabox-close class=\\&quot;envirabox-item envirabox-close envirabox-button--close\\&quot; title=\\&quot;Close\\&quot; href=\\&quot;#\\&quot;&gt;&lt;\\\/a&gt;&quot;}' data-row-height=\"\" data-justified-margins=\"\" data-gallery-theme=\"\" id=\"envira-gallery-3848\" class=\"envira-gallery-public  envira-gallery-3-columns envira-clear enviratope\" data-envira-columns=\"3\"><div id=\"envira-gallery-item-5106\" class=\"envira-gallery-item envira-gallery-item-1 enviratope-item\" style=\"padding-left: 5px; padding-bottom: 10px; padding-right: 5px;\"  itemscope itemtype=\"http:\/\/schema.org\/ImageObject\"><div class=\"envira-gallery-item-inner\"><div class=\"envira-gallery-position-overlay envira-gallery-top-left\"><\/div><div class=\"envira-gallery-position-overlay envira-gallery-top-right\"><\/div><div class=\"envira-gallery-position-overlay envira-gallery-bottom-left\"><\/div><div class=\"envira-gallery-position-overlay envira-gallery-bottom-right\"><\/div><a data-envirabox=\"3848\" href=\"https:\/\/www.blog.lobodzinska.pl\/wp-content\/uploads\/2017\/01\/AGA_7404mint.jpg\" class=\"envira-gallery-3848 envira-gallery-link \" title=\"Dzi\u0119cio\u0142 zielony (Picus viridis)\" data-envira-item-id=\"5106\" data-title=\"Dzi\u0119cio\u0142 zielony (Picus viridis)\" data-caption=\"\" data-envira-retina=\"\" data-thumb=\"http:\/\/www.blog.lobodzinska.pl\/wp-content\/uploads\/2017\/01\/AGA_7404mint-75x50_c.jpg\"  itemprop=\"contentUrl\" ><img loading=\"lazy\" decoding=\"async\" id=\"envira-gallery-image-5106\" tabindex=\"-1\" class=\"envira-gallery-image envira-gallery-image-1 \" data-envira-index=\"0\" src=\"https:\/\/www.blog.lobodzinska.pl\/wp-content\/uploads\/2017\/01\/AGA_7404mint.jpg\" width=\"900\" height=\"600\" data-envira-src=\"https:\/\/www.blog.lobodzinska.pl\/wp-content\/uploads\/2017\/01\/AGA_7404mint.jpg\" data-envira-gallery-id=\"3848\" data-envira-item-id=\"5106\" data-caption=\"\" data-title=\"Dzi\u0119cio\u0142 zielony (Picus viridis)\"  alt=\"Dzi\u0119cio\u0142 zielony (Picus viridis)\" title=\"Dzi\u0119cio\u0142 zielony (Picus viridis)\"  draggable=\"false\" onmousedown=\"event.preventDefault()\"  itemprop=\"thumbnailUrl\" data-envira-srcset=\"https:\/\/www.blog.lobodzinska.pl\/wp-content\/uploads\/2017\/01\/AGA_7404mint.jpg 400w,https:\/\/www.blog.lobodzinska.pl\/wp-content\/uploads\/2017\/01\/AGA_7404mint.jpg 2x\" srcset=\"https:\/\/www.blog.lobodzinska.pl\/wp-content\/uploads\/2017\/01\/AGA_7404mint.jpg 2x\" \/><\/a><div class=\"envira-gallery-captioned-data envira-gallery-captioned-data-base\"><\/div><\/div><\/div><div id=\"envira-gallery-item-3079\" class=\"envira-gallery-item envira-gallery-item-2 enviratope-item\" style=\"padding-left: 5px; padding-bottom: 10px; padding-right: 5px;\"  itemscope itemtype=\"http:\/\/schema.org\/ImageObject\"><div class=\"envira-gallery-item-inner\"><div class=\"envira-gallery-position-overlay envira-gallery-top-left\"><\/div><div class=\"envira-gallery-position-overlay envira-gallery-top-right\"><\/div><div class=\"envira-gallery-position-overlay envira-gallery-bottom-left\"><\/div><div class=\"envira-gallery-position-overlay envira-gallery-bottom-right\"><\/div><a data-envirabox=\"3848\" href=\"https:\/\/www.blog.lobodzinska.pl\/wp-content\/uploads\/2016\/02\/AGA_3097mint.jpg\" class=\"envira-gallery-3848 envira-gallery-link \" title=\"Dzi\u0119cio\u0142 zielony (Picus viridis)\" data-envira-item-id=\"3079\" data-title=\"Dzi\u0119cio\u0142 zielony (Picus viridis)\" data-caption=\"\" data-envira-retina=\"\" data-thumb=\"\"  itemprop=\"contentUrl\" ><img loading=\"lazy\" decoding=\"async\" id=\"envira-gallery-image-3079\" tabindex=\"-1\" class=\"envira-gallery-image envira-gallery-image-2 \" data-envira-index=\"1\" src=\"https:\/\/www.blog.lobodzinska.pl\/wp-content\/uploads\/2016\/02\/AGA_3097mint.jpg\" width=\"900\" height=\"599\" data-envira-src=\"https:\/\/www.blog.lobodzinska.pl\/wp-content\/uploads\/2016\/02\/AGA_3097mint.jpg\" data-envira-gallery-id=\"3848\" data-envira-item-id=\"3079\" data-caption=\"\" data-title=\"Dzi\u0119cio\u0142 zielony (Picus viridis)\"  alt=\"\" title=\"Dzi\u0119cio\u0142 zielony (Picus viridis)\"  draggable=\"false\" onmousedown=\"event.preventDefault()\"  itemprop=\"thumbnailUrl\" data-envira-srcset=\"https:\/\/www.blog.lobodzinska.pl\/wp-content\/uploads\/2016\/02\/AGA_3097mint.jpg 400w,https:\/\/www.blog.lobodzinska.pl\/wp-content\/uploads\/2016\/02\/AGA_3097mint.jpg 2x\" srcset=\"https:\/\/www.blog.lobodzinska.pl\/wp-content\/uploads\/2016\/02\/AGA_3097mint.jpg 2x\" \/><\/a><div class=\"envira-gallery-captioned-data envira-gallery-captioned-data-base\"><\/div><\/div><\/div><div id=\"envira-gallery-item-7513\" class=\"envira-gallery-item envira-gallery-item-3 enviratope-item\" style=\"padding-left: 5px; padding-bottom: 10px; padding-right: 5px;\"  itemscope itemtype=\"http:\/\/schema.org\/ImageObject\"><div class=\"envira-gallery-item-inner\"><div class=\"envira-gallery-position-overlay envira-gallery-top-left\"><\/div><div class=\"envira-gallery-position-overlay envira-gallery-top-right\"><\/div><div class=\"envira-gallery-position-overlay envira-gallery-bottom-left\"><\/div><div class=\"envira-gallery-position-overlay envira-gallery-bottom-right\"><\/div><a data-envirabox=\"3848\" href=\"https:\/\/www.blog.lobodzinska.pl\/wp-content\/uploads\/2018\/07\/AGA_0871mint-2.jpg\" class=\"envira-gallery-3848 envira-gallery-link \" title=\"Dzi\u0119cio\u0142 zielony (Picus viridis)\" data-envira-item-id=\"7513\" data-title=\"Dzi\u0119cio\u0142 zielony (Picus viridis)\" data-caption=\"Dzi\u0119cio\u0142 zielony (Picus viridis)\" data-envira-retina=\"\" data-thumb=\"http:\/\/www.blog.lobodzinska.pl\/wp-content\/uploads\/2018\/07\/AGA_0871mint-2-75x50_c.jpg\"  itemprop=\"contentUrl\" ><img loading=\"lazy\" decoding=\"async\" id=\"envira-gallery-image-7513\" tabindex=\"-1\" class=\"envira-gallery-image envira-gallery-image-3 \" data-envira-index=\"2\" src=\"https:\/\/www.blog.lobodzinska.pl\/wp-content\/uploads\/2018\/07\/AGA_0871mint-2.jpg\" width=\"1200\" height=\"800\" data-envira-src=\"https:\/\/www.blog.lobodzinska.pl\/wp-content\/uploads\/2018\/07\/AGA_0871mint-2.jpg\" data-envira-gallery-id=\"3848\" data-envira-item-id=\"7513\" data-caption=\"Dzi\u0119cio\u0142 zielony (Picus viridis)\" data-title=\"Dzi\u0119cio\u0142 zielony (Picus viridis)\"  alt=\"Dzi\u0119cio\u0142 zielony (Picus viridis)\" title=\"Dzi\u0119cio\u0142 zielony (Picus viridis)\"  draggable=\"false\" onmousedown=\"event.preventDefault()\"  itemprop=\"thumbnailUrl\" data-envira-srcset=\"https:\/\/www.blog.lobodzinska.pl\/wp-content\/uploads\/2018\/07\/AGA_0871mint-2.jpg 400w,https:\/\/www.blog.lobodzinska.pl\/wp-content\/uploads\/2018\/07\/AGA_0871mint-2.jpg 2x\" srcset=\"https:\/\/www.blog.lobodzinska.pl\/wp-content\/uploads\/2018\/07\/AGA_0871mint-2.jpg 2x\" \/><\/a><div class=\"envira-gallery-captioned-data envira-gallery-captioned-data-base\"><\/div><\/div><\/div><\/div><\/div><noscript><\/noscript><\/p>\n","protected":false},"excerpt":{"rendered":"<p>Jest najbardziej naziemnym spo\u015br\u00f3d naszych dzi\u0119cio\u0142\u00f3w i ch\u0119tnie odwiedza mrowiska. Gatunek chroniony.<\/p>\n","protected":false},"author":1,"featured_media":0,"parent":3341,"menu_order":0,"comment_status":"closed","ping_status":"closed","template":"","meta":{"footnotes":""},"class_list":["post-3849","page","type-page","status-publish","hentry"],"_links":{"self":[{"href":"https:\/\/www.blog.lobodzinska.pl\/index.php\/wp-json\/wp\/v2\/pages\/3849","targetHints":{"allow":["GET"]}}],"collection":[{"href":"https:\/\/www.blog.lobodzinska.pl\/index.php\/wp-json\/wp\/v2\/pages"}],"about":[{"href":"https:\/\/www.blog.lobodzinska.pl\/index.php\/wp-json\/wp\/v2\/types\/page"}],"author":[{"embeddable":true,"href":"https:\/\/www.blog.lobodzinska.pl\/index.php\/wp-json\/wp\/v2\/users\/1"}],"replies":[{"embeddable":true,"href":"https:\/\/www.blog.lobodzinska.pl\/index.php\/wp-json\/wp\/v2\/comments?post=3849"}],"version-history":[{"count":0,"href":"https:\/\/www.blog.lobodzinska.pl\/index.php\/wp-json\/wp\/v2\/pages\/3849\/revisions"}],"up":[{"embeddable":true,"href":"https:\/\/www.blog.lobodzinska.pl\/index.php\/wp-json\/wp\/v2\/pages\/3341"}],"wp:attachment":[{"href":"https:\/\/www.blog.lobodzinska.pl\/index.php\/wp-json\/wp\/v2\/media?parent=3849"}],"curies":[{"name":"wp","href":"https:\/\/api.w.org\/{rel}","templated":true}]}}