{"id":2736,"date":"2016-01-31T18:01:15","date_gmt":"2016-01-31T18:01:15","guid":{"rendered":"http:\/\/www.blog.lobodzinska.pl\/?page_id=2736"},"modified":"2016-01-31T18:02:01","modified_gmt":"2016-01-31T18:02:01","slug":"demonstracja-zwiazkow-zawodowych-solidarnosc","status":"publish","type":"page","link":"https:\/\/www.blog.lobodzinska.pl\/index.php\/portfolio\/demonstracja-zwiazkow-zawodowych-solidarnosc\/","title":{"rendered":"Demonstracja Zwi\u0105zk\u00f3w Zawodowych Solidarno\u015b\u0107 &#8211; Wroc\u0142aw"},"content":{"rendered":"\n","protected":false},"excerpt":{"rendered":"","protected":false},"author":1,"featured_media":0,"parent":1380,"menu_order":0,"comment_status":"closed","ping_status":"closed","template":"","meta":{"footnotes":""},"class_list":["post-2736","page","type-page","status-publish","hentry"],"_links":{"self":[{"href":"https:\/\/www.blog.lobodzinska.pl\/index.php\/wp-json\/wp\/v2\/pages\/2736","targetHints":{"allow":["GET"]}}],"collection":[{"href":"https:\/\/www.blog.lobodzinska.pl\/index.php\/wp-json\/wp\/v2\/pages"}],"about":[{"href":"https:\/\/www.blog.lobodzinska.pl\/index.php\/wp-json\/wp\/v2\/types\/page"}],"author":[{"embeddable":true,"href":"https:\/\/www.blog.lobodzinska.pl\/index.php\/wp-json\/wp\/v2\/users\/1"}],"replies":[{"embeddable":true,"href":"https:\/\/www.blog.lobodzinska.pl\/index.php\/wp-json\/wp\/v2\/comments?post=2736"}],"version-history":[{"count":0,"href":"https:\/\/www.blog.lobodzinska.pl\/index.php\/wp-json\/wp\/v2\/pages\/2736\/revisions"}],"up":[{"embeddable":true,"href":"https:\/\/www.blog.lobodzinska.pl\/index.php\/wp-json\/wp\/v2\/pages\/1380"}],"wp:attachment":[{"href":"https:\/\/www.blog.lobodzinska.pl\/index.php\/wp-json\/wp\/v2\/media?parent=2736"}],"curies":[{"name":"wp","href":"https:\/\/api.w.org\/{rel}","templated":true}]}}